{"id":2,"date":"2024-04-24T11:33:46","date_gmt":"2024-04-24T11:33:46","guid":{"rendered":"https:\/\/klaner.com\/?page_id=2"},"modified":"2025-03-29T10:56:05","modified_gmt":"2025-03-29T10:56:05","slug":"sample-page","status":"publish","type":"page","link":"https:\/\/www.klaner.com\/","title":{"rendered":"tischlerei klaner"},"content":{"rendered":"\n<p class=\"has-medium-font-size\"><strong>Wir sind eine St\u00e4tte wo Handwerk, Design, Kunst, Kultur und Genuss erlebbar werden&#8220;<\/strong><\/p>\n\n\n\n<p class=\"has-medium-font-size\">Sch\u00f6ne M\u00f6bel und R\u00e4ume zu entwickeln, mit guter Handwerksarbeit zur Freude unserer Kunden. Das ist unsere Leidenschaft, Anspruch und Motivation.<\/p>\n\n\n\n<p class=\"has-medium-font-size\">Am Anfang steht f\u00fcr uns die intensive Auseinandersetzung mit den Menschen, f\u00fcr die wir planen. Mit Erfahrung und Fachwissen entwickeln wir im Rahmen der W\u00fcnsche unserer Kunden ein Gestaltungskonzept.<\/p>\n","protected":false},"excerpt":{"rendered":"<p>Wir sind eine St\u00e4tte wo Handwerk, Design, Kunst, Kultur und Genuss erlebbar werden&#8220; Sch\u00f6ne M\u00f6bel und R\u00e4ume zu entwickeln, mit guter Handwerksarbeit zur Freude unserer Kunden. Das ist unsere Leidenschaft, Anspruch und Motivation. Am Anfang steht f\u00fcr uns die intensive Auseinandersetzung mit den Menschen, f\u00fcr die wir planen. Mit Erfahrung und Fachwissen entwickeln wir im &hellip; <\/p>\n<p class=\"link-more\"><a href=\"https:\/\/www.klaner.com\/\" class=\"more-link\"><span class=\"screen-reader-text\">\u201etischlerei klaner\u201c<\/span> weiterlesen<\/a><\/p>\n","protected":false},"author":1,"featured_media":0,"parent":0,"menu_order":0,"comment_status":"closed","ping_status":"closed","template":"","meta":{"footnotes":""},"class_list":["post-2","page","type-page","status-publish","hentry"],"_links":{"self":[{"href":"https:\/\/www.klaner.com\/index.php?rest_route=\/wp\/v2\/pages\/2","targetHints":{"allow":["GET"]}}],"collection":[{"href":"https:\/\/www.klaner.com\/index.php?rest_route=\/wp\/v2\/pages"}],"about":[{"href":"https:\/\/www.klaner.com\/index.php?rest_route=\/wp\/v2\/types\/page"}],"author":[{"embeddable":true,"href":"https:\/\/www.klaner.com\/index.php?rest_route=\/wp\/v2\/users\/1"}],"replies":[{"embeddable":true,"href":"https:\/\/www.klaner.com\/index.php?rest_route=%2Fwp%2Fv2%2Fcomments&post=2"}],"version-history":[{"count":3,"href":"https:\/\/www.klaner.com\/index.php?rest_route=\/wp\/v2\/pages\/2\/revisions"}],"predecessor-version":[{"id":142,"href":"https:\/\/www.klaner.com\/index.php?rest_route=\/wp\/v2\/pages\/2\/revisions\/142"}],"wp:attachment":[{"href":"https:\/\/www.klaner.com\/index.php?rest_route=%2Fwp%2Fv2%2Fmedia&parent=2"}],"curies":[{"name":"wp","href":"https:\/\/api.w.org\/{rel}","templated":true}]}}