{"id":3,"date":"2024-04-24T11:33:46","date_gmt":"2024-04-24T11:33:46","guid":{"rendered":"https:\/\/klaner.com\/?page_id=3"},"modified":"2025-05-30T16:17:52","modified_gmt":"2025-05-30T16:17:52","slug":"privacy-policy","status":"publish","type":"page","link":"https:\/\/www.klaner.com\/?page_id=3","title":{"rendered":"IMPRESSUM"},"content":{"rendered":"\n<h2 class=\"wp-block-heading\"><\/h2>\n\n\n\n<p style=\"text-transform:lowercase\"><strong>CHRISTIAN KLANER E.U.<\/strong><\/p>\n\n\n\n<p style=\"text-transform:lowercase\">ST. OSWALDERSTRA\u00dfE 10, 4293 GUTAU<\/p>\n\n\n\n<p style=\"text-transform:lowercase\">TEL 07946\/6268  E-MAIL office@klaner.com<\/p>\n\n\n\n<p style=\"text-transform:lowercase\">TISCHLEREI<\/p>\n\n\n\n<p style=\"text-transform:lowercase\"><strong>UID-NR<\/strong> atu 2175 8907<\/p>\n\n\n\n<p style=\"text-transform:lowercase\"><strong>firmenbuchnummer<\/strong> 3094450Z<\/p>\n\n\n\n<p><strong>firmenbuchgericht<\/strong> landesgericht linz<\/p>\n\n\n\n<p style=\"text-transform:lowercase\"><strong>aufsichtsbeh\u00f6rde<\/strong> Bh Freistadt<\/p>\n\n\n\n<p style=\"text-transform:lowercase\"><strong>Berufsbezeichnung<\/strong> Tischler Meisterbetrieb<br><strong>Verleihungsstaat<\/strong> \u00d6sterreich<\/p>\n\n\n\n<p style=\"text-transform:lowercase\"><strong>Mitglied<\/strong> der Wirtschaftskammer Ober\u00f6sterreich<\/p>\n\n\n\n<h2 class=\"wp-block-heading\" style=\"text-transform:uppercase\">Datenschutz<\/h2>\n\n\n\n<h3 class=\"wp-block-heading\">Erkl\u00e4rung zur Informationspflicht<\/h3>\n\n\n\n<p><strong>Datenschutzerkl\u00e4rung<\/strong><\/p>\n\n\n\n<p>In folgender Datenschutzerkl\u00e4rung informieren wir Sie \u00fcber die wichtigsten Aspekte der Datenverarbeitung im Rahmen unserer Webseite. Wir erheben und verarbeiten personenbezogene Daten nur auf Grundlage der gesetzlichen Bestimmungen (Datenschutzgrundverordnung, Telekommunikationsgesetz 2003).<\/p>\n\n\n\n<p>Sobald Sie als Benutzer auf unsere Webseite zugreifen oder diese besuchen wird Ihre IP-Adresse, Beginn sowie Beginn und Ende der Sitzung erfasst. Dies ist technisch bedingt und stellt somit ein berechtigtes Interesse iSv Art 6 Abs 1 lit f DSGVO.<\/p>\n\n\n\n<h5 class=\"wp-block-heading\">Kontakt mit uns<\/h5>\n\n\n\n<p>Wenn Sie uns, entweder \u00fcber unser Kontaktformular auf unserer Webseite, oder per Email kontaktieren, dann werden die von Ihnen an uns \u00fcbermittelten Daten zwecks Bearbeitung Ihrer Anfrage oder f\u00fcr den Fall von weiteren Anschlussfragen f\u00fcr sechs Monate bei uns gespeichert. Es erfolgt, ohne Ihre Einwilligung, keine Weitergabe Ihrer \u00fcbermittelten Daten.<\/p>\n\n\n\n<h5 class=\"wp-block-heading\">Cookies<\/h5>\n\n\n\n<p>Unsere Website verwendet so genannte Cookies. Dabei handelt es sich um kleine Textdateien, die mit Hilfe des Browsers auf Ihrem Endger\u00e4t abgelegt werden. Sie richten keinen Schaden an. Wir nutzen Cookies dazu, unser Angebot nutzerfreundlich zu gestalten. Einige Cookies bleiben auf Ihrem Endger\u00e4t gespeichert, bis Sie diese l\u00f6schen. Sie erm\u00f6glichen es uns, Ihren Browser beim n\u00e4chsten Besuch wiederzuerkennen. Wenn Sie dies nicht w\u00fcnschen, so k\u00f6nnen Sie Ihren Browser so einrichten, dass er Sie \u00fcber das Setzen von Cookies informiert und Sie dies nur im Einzelfall erlauben. Bei der Deaktivierung von Cookies kann die Funktionalit\u00e4t unserer Website eingeschr\u00e4nkt sein.<\/p>\n\n\n\n<h5 class=\"wp-block-heading\">Newsletter<\/h5>\n\n\n\n<p>Sie haben die M\u00f6glichkeit, \u00fcber unsere Website unseren Newsletter zu abonnieren. Hierf\u00fcr ben\u00f6tigen wir Ihre E-Mail-Adresse und ihre Erkl\u00e4rung, dass Sie mit dem Bezug des Newsletters einverstanden sind.<\/p>\n\n\n\n<h5 class=\"wp-block-heading\">Ihre Rechte als Betroffener<\/h5>\n\n\n\n<p>Sie als Betroffener haben bez\u00fcglich Ihrer Daten, welche bei uns gespeichert sind grunds\u00e4tzlich ein Recht auf:<\/p>\n\n\n\n<ul class=\"wp-block-list\">\n<li>Auskunft<\/li>\n\n\n\n<li>L\u00f6schung der Daten<\/li>\n\n\n\n<li>Berichtigung der Daten<\/li>\n\n\n\n<li>\u00dcbertragbarkeit der Daten<\/li>\n\n\n\n<li>Wiederruf und Widerspruch zur Datenverarbeitung<\/li>\n\n\n\n<li>Einschr\u00e4nkung<\/li>\n<\/ul>\n\n\n\n<p>Wenn sie vermuten, dass im Zuge der Verarbeitung Ihrer Daten Verst\u00f6\u00dfe gegen das Datenschutzrecht passiert sind, so haben Sie die M\u00f6glichkeit sich bei uns (office@klaner.com) oder der Datenschutzbeh\u00f6rde zu beschweren.<\/p>\n\n\n\n<h5 class=\"wp-block-heading\">Sie erreichen uns unter folgenden Kontaktdaten:<\/h5>\n\n\n\n<p><strong>Webseitenbetreiber:<\/strong> christian klaner e.u.<br><strong>Telefonnummer:<\/strong> 079466268<br><strong>Email:<\/strong> office@klaner.com<\/p>\n\n\n\n<p>Quelle: <strong><a href=\"https:\/\/www.fairesrecht.at\/kostenlos-datenschutzerklaerung-erstellen-generator.php\">Datenschutzgenerator \u00d6sterreich DSGVO<\/a><\/strong><\/p>\n\n\n\n<p><\/p>\n","protected":false},"excerpt":{"rendered":"<p>CHRISTIAN KLANER E.U. ST. OSWALDERSTRA\u00dfE 10, 4293 GUTAU TEL 07946\/6268 E-MAIL office@klaner.com TISCHLEREI UID-NR atu 2175 8907 firmenbuchnummer 3094450Z firmenbuchgericht landesgericht linz aufsichtsbeh\u00f6rde Bh Freistadt Berufsbezeichnung Tischler MeisterbetriebVerleihungsstaat \u00d6sterreich Mitglied der Wirtschaftskammer Ober\u00f6sterreich Datenschutz Erkl\u00e4rung zur Informationspflicht Datenschutzerkl\u00e4rung In folgender Datenschutzerkl\u00e4rung informieren wir Sie \u00fcber die wichtigsten Aspekte der Datenverarbeitung im Rahmen unserer Webseite. Wir &hellip; <\/p>\n<p class=\"link-more\"><a href=\"https:\/\/www.klaner.com\/?page_id=3\" class=\"more-link\"><span class=\"screen-reader-text\">\u201eIMPRESSUM\u201c<\/span> weiterlesen<\/a><\/p>\n","protected":false},"author":1,"featured_media":0,"parent":0,"menu_order":0,"comment_status":"closed","ping_status":"closed","template":"","meta":{"footnotes":""},"class_list":["post-3","page","type-page","status-publish","hentry"],"_links":{"self":[{"href":"https:\/\/www.klaner.com\/index.php?rest_route=\/wp\/v2\/pages\/3","targetHints":{"allow":["GET"]}}],"collection":[{"href":"https:\/\/www.klaner.com\/index.php?rest_route=\/wp\/v2\/pages"}],"about":[{"href":"https:\/\/www.klaner.com\/index.php?rest_route=\/wp\/v2\/types\/page"}],"author":[{"embeddable":true,"href":"https:\/\/www.klaner.com\/index.php?rest_route=\/wp\/v2\/users\/1"}],"replies":[{"embeddable":true,"href":"https:\/\/www.klaner.com\/index.php?rest_route=%2Fwp%2Fv2%2Fcomments&post=3"}],"version-history":[{"count":3,"href":"https:\/\/www.klaner.com\/index.php?rest_route=\/wp\/v2\/pages\/3\/revisions"}],"predecessor-version":[{"id":161,"href":"https:\/\/www.klaner.com\/index.php?rest_route=\/wp\/v2\/pages\/3\/revisions\/161"}],"wp:attachment":[{"href":"https:\/\/www.klaner.com\/index.php?rest_route=%2Fwp%2Fv2%2Fmedia&parent=3"}],"curies":[{"name":"wp","href":"https:\/\/api.w.org\/{rel}","templated":true}]}}